{"id":160899,"date":"2019-01-14T15:05:50","date_gmt":"2019-01-14T20:05:50","guid":{"rendered":"https:\/\/ccb-m.ca\/home\/"},"modified":"2025-11-05T09:21:14","modified_gmt":"2025-11-05T14:21:14","slug":"home","status":"publish","type":"page","link":"https:\/\/ccb-m.ca\/en\/","title":{"rendered":"Home"},"content":{"rendered":"\n<h1>\n\t\tLa Chambre de commerce de Brome-Missisquoi est le carrefour de ressources et de solutions qui favorise la r\u00e9ussite et le rayonnement des membres ainsi que de la communaut\u00e9\n\t<\/h1>\n\t\t\t\t<img loading=\"lazy\" decoding=\"async\" src=\"https:\/\/ccb-m.ca\/wp-content\/uploads\/2023\/05\/Pascal_Lafreniere-web.jpg\" alt=\"Pascal Lafreniere CCBM\" itemprop=\"image\" height=\"800\" width=\"531\" title=\"Pascal Lafreniere CCBM\" onerror=\"this.style.display='none'\"  \/>\n\t<strong>Pascal Lafreni\u00e8re<br \/>\n<\/strong>Pr\u00e9sident\n\t\t\t\t<img loading=\"lazy\" decoding=\"async\" src=\"https:\/\/ccb-m.ca\/wp-content\/uploads\/2025\/03\/Eric-Cote-directeur-CCBM-nb.jpg\" alt=\"\u00c9ric C\u00f4t\u00e9, directeur g\u00e9n\u00e9ral CCBM\" itemprop=\"image\" height=\"800\" width=\"800\" title=\"\u00c9ric C\u00f4t\u00e9, directeur g\u00e9n\u00e9ral CCBM\" onerror=\"this.style.display='none'\"  \/>\n\t<strong>\u00c9ric C\u00f4t\u00e9<br \/>\n<\/strong>Directeur g\u00e9n\u00e9ral\n\t<p>Nous sommes \u00e0 un tournant important pour la Chambre de commerce, avec l&#8217;arriv\u00e9e de notre nouveau pr\u00e9sident, M. Pascal Lafreni\u00e8re, et la nomination r\u00e9cente de notre nouveau Directeur G\u00e9n\u00e9ral. Notre plan d&#8217;action pour l&#8217;ann\u00e9e 2025 est en cours d&#8217;ex\u00e9cution, avec l&#8217;ambition de renforcer notre dynamisme \u00e9conomique et d&#8217;encourager des collaborations fructueuses avec diff\u00e9rents partenaires<\/p>\n<p>La CCB-M organisera plus de 20 activit\u00e9s annuellement et met en place plusieurs initiatives afin de combler les besoins et attentes de chacun des p\u00f4les de Brome-Missisquoi. Pour ce faire, nous lancerons, au cours de l&#8217;ann\u00e9e des comit\u00e9s d&#8217;entrepreneurs par ville\/p\u00f4le, permettant un accompagnement plus cibl\u00e9 et un r\u00e9seautage efficace.<\/p>\n<p>Nous accordons une grande importance \u00e0 la collaboration avec les diff\u00e9rentes parties prenantes du secteur entrepreneurial, notamment les principales villes, les regroupements locaux des commerces et entreprises, ainsi que les organismes collaboratifs des entrepreneurs tels que le CLD Brome-Missisquoi, les CAE, et bien d&#8217;autres partenaires cl\u00e9s.<\/p>\n\t<p>Par ailleurs, nous avons amorc\u00e9 l&#8217;analyse et la pr\u00e9paration de notre planification strat\u00e9gique 2026-2030 afin d&#8217;assurer un d\u00e9veloppement \u00e9conomique structur\u00e9 et durable pour nos membres. De plus, un nouveau plan de partenariats pour l&#8217;ann\u00e9e 2025 est en fonction, offrant de nouvelles opportunit\u00e9s de collaboration et de croissance pour les entreprises de notre r\u00e9gion.<\/p>\n<p>Nous sommes impatients de multiplier les activit\u00e9s pour nos membres et entrepreneurs et de cr\u00e9er des partenariats qui b\u00e9n\u00e9ficieront \u00e0 tous. Nous sommes \u00e9galement ravis de vous annoncer que, pour souligner les efforts et les r\u00e9ussites de nos entrepreneurs, nous organiserons notre Gala Excellence en 2025 (au lieu de 2026) et pour c\u00e9l\u00e9brer la fin de l&#8217;ann\u00e9e, nous organiserons trois cocktails de No\u00ebl, permettant \u00e0 la CCB-M de se rapprocher des membres et \u00e0 chacun de se rassembler et de tisser des liens encore plus forts.<\/p>\n<p>Avec ces nouvelles initiatives et notre engagement renouvel\u00e9, la CCB-M poursuit sa mission de soutenir et dynamiser l&#8217;\u00e9cosyst\u00e8me entrepreneurial de Brome-Missisquoi. Nous avons h\u00e2te de collaborer avec vous pour b\u00e2tir un avenir prosp\u00e8re et innovant pour notre r\u00e9gion.<\/p>\n<h2>\n\t\tProchaines activit\u00e9s\n\t<\/h2>\n\t\t\t\t<a href=\"https:\/\/billetterie.membri365.com\/eventdetails\/contactinformation?chamberid=490ec09e-7635-4704-8cf8-31b38c85bfee&#038;eventid=c2fffa62-ef05-f011-bae2-0022483c252c\"  target=\"_self\" itemprop=\"url\">\n\t\t\t\t<img loading=\"lazy\" decoding=\"async\" src=\"https:\/\/ccb-m.ca\/wp-content\/uploads\/2025\/04\/Golf-2025.jpg\" alt=\"Golf-2025\" itemprop=\"image\" height=\"1093\" width=\"1920\" title=\"Golf-2025\" onerror=\"this.style.display='none'\"  \/>\n\t\t\t\t<\/a>\n\t<h3>D\u00e9couvrez nos activit\u00e9s<\/h3>\n<p>La Chambre de commerce de Brome-Missisquoi se veut le carrefour des ressources et des solutions pour permettre aux entrepreneurs de discuter de leurs d\u00e9fis!<\/p>\n\t\t\t<a href=\"https:\/\/ccb-m.ca\/evenements\" target=\"_self\">\n\t\t\t\t\t\t\tVoir tous les \u00e9v\u00e9nements ICI\n\t\t\t\t\t<\/a>\n\t\t\t\t<a href=\"https:\/\/ccb-m.ca\/activites\/galaexcellence2021\/\"  target=\"_blank\" rel=\"noopener\"  itemprop=\"url\">\n\t\t\t\t<img loading=\"lazy\" decoding=\"async\" src=\"https:\/\/ccb-m.ca\/wp-content\/uploads\/2024\/06\/1J9A6440-Avec-accentuation-Bruit-37.jpg\" alt=\"Gala 2024\" itemprop=\"image\" height=\"1333\" width=\"2000\" title=\"1J9A6440-Avec accentuation-Bruit-37\" onerror=\"this.style.display='none'\"  \/>\n\t\t\t\t<\/a>\n<h2>\n\t\tTout un Gala Excellence!\n\t<\/h2>\n\t<p>Le mercredi 3 avril 2024, au Domaine Ch\u00e2teau Bromont, s&#8217;est d\u00e9roul\u00e9 le 13e Gala Excellence de la Chambre de commerce.<\/p>\n\t\t\t<a href=\"https:\/\/ccb-m.ca\/evenements\/galaexcellence-2023\/\" target=\"_self\">\n\t\t\t\t\t\t\tTous les d\u00e9tails &#8211; Gagnants et photos\n\t\t\t\t\t<\/a>\n\t\t\t<a href=\"https:\/\/ccb-m.ca\/devenez-membre-de-la-ccb-m\/\" role=\"button\" target=\"_self\" onclick=\"\">\n\t\t\t\t\t\t\t\t\t\t\t\t\t\t\t\t\t\tAdh\u00e9rez maintenant\n\t\t\t\t\t\t\t<\/a>\n\t\t\t<a href=\"https:\/\/ccb-m.ca\/avantages-aux-membres\/\" role=\"button\" target=\"_self\" onclick=\"\">\n\t\t\t\t\t\t\t\t\t\t\t\t\t\t\t\t\t\tAvantages aux membres\n\t\t\t\t\t\t\t<\/a>\n<h2>\n\t\tNos partenaires annuels\n\t<\/h2>\n<h3>\n\t\tGrand partenaire Prestige\n\t<\/h3>\n\t\t\t\t<a href=\"https:\/\/www.cowansville.ca\/\"  target=\"_blank\" rel=\"noopener\"  itemprop=\"url\">\n\t\t\t\t<img loading=\"lazy\" decoding=\"async\" src=\"https:\/\/ccb-m.ca\/wp-content\/uploads\/2019\/02\/Ville-Cowansville-4.png\" alt=\"Ville de Cowansville\" itemprop=\"image\" height=\"113\" width=\"356\" title=\"Ville de Cowansville\" onerror=\"this.style.display='none'\"  \/>\n\t\t\t\t<\/a>\n<h3>\n\t\tPartenaire gouvernemental et institutionnel\n\t<\/h3>\n        \t<a href=\"https:\/\/www.assnat.qc.ca\/fr\/deputes\/charest-isabelle-17845\/coordonnees.html\" target=\"_blank\" rel=\"nofollow noopener\">            \n\t\t\t\t\t\t<img decoding=\"async\" src=\"https:\/\/ccb-m.ca\/wp-content\/uploads\/2024\/12\/Isabelle-Charest-site-web-CCB-M-2024.jpg\" alt=\"Isabelle Charest\" data-no-lazy=\"1\" \/>\t\t\t\t\t\n                            <p>Isabelle Charest<\/p>\n            <\/a>\t\t\n<h3>\n\t\tPartenaires de services\n\t<\/h3>\n\t\t\t\t\t\t<img decoding=\"async\" src=\"https:\/\/ccb-m.ca\/wp-content\/uploads\/2025\/01\/BOOST-Createur-de-contenu-web.png\" alt=\"Boost\" data-no-lazy=\"1\" \/>\t\t\t\t\t\n                            <p>Boost<\/p>\n        \t<a href=\"https:\/\/agencetamark.com\/\" target=\"_blank\" rel=\"nofollow noopener\">            \n\t\t\t\t\t\t<img decoding=\"async\" src=\"https:\/\/ccb-m.ca\/wp-content\/uploads\/2025\/02\/logoTAMARK-02.png\" alt=\"TAMark\" data-no-lazy=\"1\" \/>\t\t\t\t\t\n                            <p>TAMark<\/p>\n            <\/a>\t\t\n\n","protected":false},"excerpt":{"rendered":"<p>La Chambre de commerce de Brome-Missisquoi est le carrefour de ressources et de solutions qui favorise la r\u00e9ussite et le rayonnement des membres ainsi que de la communaut\u00e9 Pascal Lafreni\u00e8re Pr\u00e9sident \u00c9ric C\u00f4t\u00e9 Directeur g\u00e9n\u00e9ral Nous sommes \u00e0 un tournant important pour la Chambre de commerce, avec l&#8217;arriv\u00e9e de notre nouveau pr\u00e9sident, M. Pascal Lafreni\u00e8re,&hellip;<\/p>\n","protected":false},"author":8,"featured_media":0,"parent":0,"menu_order":0,"comment_status":"closed","ping_status":"closed","template":"","meta":{"_acf_changed":false,"footnotes":""},"class_list":["post-160899","page","type-page","status-publish","hentry"],"acf":[],"yoast_head":"<!-- This site is optimized with the Yoast SEO plugin v27.4 - https:\/\/yoast.com\/product\/yoast-seo-wordpress\/ -->\n<title>Chambre de commerce de Brome-Missisquoi<\/title>\n<meta name=\"description\" content=\"The CCB-M is a unique professional business network that promotes its members and Brome-Missisquoi economic development.\" \/>\n<meta name=\"robots\" content=\"index, follow, max-snippet:-1, max-image-preview:large, max-video-preview:-1\" \/>\n<link rel=\"canonical\" href=\"https:\/\/ccb-m.ca\/en\/\" \/>\n<meta property=\"og:locale\" content=\"en_US\" \/>\n<meta property=\"og:type\" content=\"article\" \/>\n<meta property=\"og:title\" content=\"Chambre de commerce de Brome-Missisquoi\" \/>\n<meta property=\"og:description\" content=\"The CCB-M is a unique professional business network that promotes its members and Brome-Missisquoi economic development.\" \/>\n<meta property=\"og:url\" content=\"https:\/\/ccb-m.ca\/en\/\" \/>\n<meta property=\"og:site_name\" content=\"Chambre de commerce de Brome-Missisquoi\" \/>\n<meta property=\"article:modified_time\" content=\"2025-11-05T14:21:14+00:00\" \/>\n<meta property=\"og:image\" content=\"https:\/\/ccb-m.ca\/wp-content\/uploads\/2019\/03\/CCB-M-facebook.jpg\" \/>\n<meta name=\"twitter:card\" content=\"summary_large_image\" \/>\n<meta name=\"twitter:label1\" content=\"Est. reading time\" \/>\n\t<meta name=\"twitter:data1\" content=\"2 minutes\" \/>\n<script type=\"application\/ld+json\" class=\"yoast-schema-graph\">{\"@context\":\"https:\\\/\\\/schema.org\",\"@graph\":[{\"@type\":\"WebPage\",\"@id\":\"https:\\\/\\\/ccb-m.ca\\\/en\\\/\",\"url\":\"https:\\\/\\\/ccb-m.ca\\\/en\\\/\",\"name\":\"Chambre de commerce de Brome-Missisquoi\",\"isPartOf\":{\"@id\":\"https:\\\/\\\/ccb-m.ca\\\/en\\\/#website\"},\"primaryImageOfPage\":{\"@id\":\"https:\\\/\\\/ccb-m.ca\\\/en\\\/#primaryimage\"},\"image\":{\"@id\":\"https:\\\/\\\/ccb-m.ca\\\/en\\\/#primaryimage\"},\"thumbnailUrl\":\"https:\\\/\\\/ccb-m.ca\\\/wp-content\\\/uploads\\\/2023\\\/05\\\/Pascal_Lafreniere-web.jpg\",\"datePublished\":\"2019-01-14T20:05:50+00:00\",\"dateModified\":\"2025-11-05T14:21:14+00:00\",\"description\":\"The CCB-M is a unique professional business network that promotes its members and Brome-Missisquoi economic development.\",\"breadcrumb\":{\"@id\":\"https:\\\/\\\/ccb-m.ca\\\/en\\\/#breadcrumb\"},\"inLanguage\":\"en-US\",\"potentialAction\":[{\"@type\":\"ReadAction\",\"target\":[\"https:\\\/\\\/ccb-m.ca\\\/en\\\/\"]}]},{\"@type\":\"ImageObject\",\"inLanguage\":\"en-US\",\"@id\":\"https:\\\/\\\/ccb-m.ca\\\/en\\\/#primaryimage\",\"url\":\"https:\\\/\\\/ccb-m.ca\\\/wp-content\\\/uploads\\\/2023\\\/05\\\/Pascal_Lafreniere-web.jpg\",\"contentUrl\":\"https:\\\/\\\/ccb-m.ca\\\/wp-content\\\/uploads\\\/2023\\\/05\\\/Pascal_Lafreniere-web.jpg\"},{\"@type\":\"BreadcrumbList\",\"@id\":\"https:\\\/\\\/ccb-m.ca\\\/en\\\/#breadcrumb\",\"itemListElement\":[{\"@type\":\"ListItem\",\"position\":1,\"name\":\"Accueil\",\"item\":\"https:\\\/\\\/ccb-m.ca\\\/en\\\/\"},{\"@type\":\"ListItem\",\"position\":2,\"name\":\"Home\"}]},{\"@type\":\"WebSite\",\"@id\":\"https:\\\/\\\/ccb-m.ca\\\/en\\\/#website\",\"url\":\"https:\\\/\\\/ccb-m.ca\\\/en\\\/\",\"name\":\"Chambre de commerce de Brome-Missisquoi\",\"description\":\"Rayonnez \u00e0 la hauteur de vos ambitions !\",\"potentialAction\":[{\"@type\":\"SearchAction\",\"target\":{\"@type\":\"EntryPoint\",\"urlTemplate\":\"https:\\\/\\\/ccb-m.ca\\\/en\\\/?s={search_term_string}\"},\"query-input\":{\"@type\":\"PropertyValueSpecification\",\"valueRequired\":true,\"valueName\":\"search_term_string\"}}],\"inLanguage\":\"en-US\"}]}<\/script>\n<!-- \/ Yoast SEO plugin. -->","yoast_head_json":{"title":"Chambre de commerce de Brome-Missisquoi","description":"The CCB-M is a unique professional business network that promotes its members and Brome-Missisquoi economic development.","robots":{"index":"index","follow":"follow","max-snippet":"max-snippet:-1","max-image-preview":"max-image-preview:large","max-video-preview":"max-video-preview:-1"},"canonical":"https:\/\/ccb-m.ca\/en\/","og_locale":"en_US","og_type":"article","og_title":"Chambre de commerce de Brome-Missisquoi","og_description":"The CCB-M is a unique professional business network that promotes its members and Brome-Missisquoi economic development.","og_url":"https:\/\/ccb-m.ca\/en\/","og_site_name":"Chambre de commerce de Brome-Missisquoi","article_modified_time":"2025-11-05T14:21:14+00:00","og_image":[{"url":"https:\/\/ccb-m.ca\/wp-content\/uploads\/2019\/03\/CCB-M-facebook.jpg","type":"","width":"","height":""}],"twitter_card":"summary_large_image","twitter_misc":{"Est. reading time":"2 minutes"},"schema":{"@context":"https:\/\/schema.org","@graph":[{"@type":"WebPage","@id":"https:\/\/ccb-m.ca\/en\/","url":"https:\/\/ccb-m.ca\/en\/","name":"Chambre de commerce de Brome-Missisquoi","isPartOf":{"@id":"https:\/\/ccb-m.ca\/en\/#website"},"primaryImageOfPage":{"@id":"https:\/\/ccb-m.ca\/en\/#primaryimage"},"image":{"@id":"https:\/\/ccb-m.ca\/en\/#primaryimage"},"thumbnailUrl":"https:\/\/ccb-m.ca\/wp-content\/uploads\/2023\/05\/Pascal_Lafreniere-web.jpg","datePublished":"2019-01-14T20:05:50+00:00","dateModified":"2025-11-05T14:21:14+00:00","description":"The CCB-M is a unique professional business network that promotes its members and Brome-Missisquoi economic development.","breadcrumb":{"@id":"https:\/\/ccb-m.ca\/en\/#breadcrumb"},"inLanguage":"en-US","potentialAction":[{"@type":"ReadAction","target":["https:\/\/ccb-m.ca\/en\/"]}]},{"@type":"ImageObject","inLanguage":"en-US","@id":"https:\/\/ccb-m.ca\/en\/#primaryimage","url":"https:\/\/ccb-m.ca\/wp-content\/uploads\/2023\/05\/Pascal_Lafreniere-web.jpg","contentUrl":"https:\/\/ccb-m.ca\/wp-content\/uploads\/2023\/05\/Pascal_Lafreniere-web.jpg"},{"@type":"BreadcrumbList","@id":"https:\/\/ccb-m.ca\/en\/#breadcrumb","itemListElement":[{"@type":"ListItem","position":1,"name":"Accueil","item":"https:\/\/ccb-m.ca\/en\/"},{"@type":"ListItem","position":2,"name":"Home"}]},{"@type":"WebSite","@id":"https:\/\/ccb-m.ca\/en\/#website","url":"https:\/\/ccb-m.ca\/en\/","name":"Chambre de commerce de Brome-Missisquoi","description":"Rayonnez \u00e0 la hauteur de vos ambitions !","potentialAction":[{"@type":"SearchAction","target":{"@type":"EntryPoint","urlTemplate":"https:\/\/ccb-m.ca\/en\/?s={search_term_string}"},"query-input":{"@type":"PropertyValueSpecification","valueRequired":true,"valueName":"search_term_string"}}],"inLanguage":"en-US"}]}},"_links":{"self":[{"href":"https:\/\/ccb-m.ca\/en\/wp-json\/wp\/v2\/pages\/160899","targetHints":{"allow":["GET"]}}],"collection":[{"href":"https:\/\/ccb-m.ca\/en\/wp-json\/wp\/v2\/pages"}],"about":[{"href":"https:\/\/ccb-m.ca\/en\/wp-json\/wp\/v2\/types\/page"}],"author":[{"embeddable":true,"href":"https:\/\/ccb-m.ca\/en\/wp-json\/wp\/v2\/users\/8"}],"replies":[{"embeddable":true,"href":"https:\/\/ccb-m.ca\/en\/wp-json\/wp\/v2\/comments?post=160899"}],"version-history":[{"count":47,"href":"https:\/\/ccb-m.ca\/en\/wp-json\/wp\/v2\/pages\/160899\/revisions"}],"predecessor-version":[{"id":204887,"href":"https:\/\/ccb-m.ca\/en\/wp-json\/wp\/v2\/pages\/160899\/revisions\/204887"}],"wp:attachment":[{"href":"https:\/\/ccb-m.ca\/en\/wp-json\/wp\/v2\/media?parent=160899"}],"curies":[{"name":"wp","href":"https:\/\/api.w.org\/{rel}","templated":true}]}}