{"id":161874,"date":"2019-01-16T19:31:37","date_gmt":"2019-01-17T00:31:37","guid":{"rendered":"https:\/\/ccb-m.ca\/contact-us\/"},"modified":"2025-03-01T09:52:32","modified_gmt":"2025-03-01T14:52:32","slug":"contact-us","status":"publish","type":"page","link":"https:\/\/ccb-m.ca\/en\/contact-us\/","title":{"rendered":"Contact-us"},"content":{"rendered":"\n<h1>\n\t\tBrome-Missisquoi Chamber of Commerce CCB-M\n\t<\/h1>\n<form>\n\t<input type=\"hidden\" name=\"fl-layout-id\" value=\"161874\" \/>\n\t    \t<h3>Contact us !<\/h3>\n    \t\t<label for=\"pp-name-\">Name<\/label>\n    \t\tPlease enter your name.\n    \t\t<input type=\"text\" name=\"pp-name\" id=\"pp-name-\" value=\"\" placeholder=\"Name\"  \/>\n    \t\t<label for=\"pp-email-\">Email<\/label>\n    \t\tPlease enter a valid email address.\n    \t\t<input type=\"email\" name=\"pp-email\" id=\"pp-email-\" value=\"\" placeholder=\"Email\"  \/>\n    \t\t<label for=\"pp-message-\">Your message<\/label>\n    \t\tPlease type your message.\n    \t\t<textarea name=\"pp-message\" id=\"pp-message-\" placeholder=\"Your message\"><\/textarea>\n    \t<a href=\"#\" target=\"_self\" role=\"button\">\n    \t\t    \t\t    \t\tSend\n    \t\t    \t\t    \t<\/a>\n\t\t\tMessage failed. Please try again.\n<\/form>\n  <p>Thank you for contacting us. We will answer as soon as possible.<\/p>\n<h4>\n\t\tOpening hours\n\t<\/h4>\n\t<p>Monday to Thursday<\/p>\n<p>Friday<\/p>\n\t<p>8 a.m. to 4 p.m.<\/p>\n<p>8 a.m. to noon<\/p>\n\t<iframe src=\"https:\/\/www.google.com\/maps\/embed\/v1\/place?q=Brome-Missisquoi+Chamber+of+Commerce&#038;key=AIzaSyD09zQ9PNDNNy9TadMuzRV_UsPUoWKntt8\" aria-hidden=\"true\"><\/iframe>\n<h2>\n\t\tCCB-M team and SAAQ Agent\n\t<\/h2>\n\t\t                    <h4>\u00c9ric C\u00f4t\u00e9<\/h4>\n                \t\t        \tDirector general\n\t\t        \t\t        \t<p>450 266-1665, ext 221<\/p>\n            <ul>\n\t\t\t\t                    <li>\n\t\t\t\t\t\t<a href=\"mailto:dg@ccb-m.ca\">\n\t\t\t\t\t\t<\/a>\n\t\t\t\t\t<\/li>\n                                                                                                                                                                                                                \t\t\t\t            <\/ul>\n<h3>\n\t\tCCB-M\n\t<\/h3>\n\t\t                    <h4> Sophie B\u00e9dard &#8211; Agence Tamark<\/h4>\n                \t\t        \tCommunication and social media agent\n\t\t                    <h4>Paryse Gosselin<\/h4>\n                \t\t        \tAccounting\n            <ul>\n\t\t\t\t                    <li>\n\t\t\t\t\t\t<a href=\"mailto:comptabilite@ccb-m.ca\">\n\t\t\t\t\t\t<\/a>\n\t\t\t\t\t<\/li>\n                                                                                                                                                                                                                \t\t\t\t            <\/ul>\n<h3>\n\t\tSAAQ &#8211; Agent\n\t<\/h3>\n\t\t                    <h4>Nancy Connolly<\/h4>\n                \t\t        \tOperations Manager\n\t\t                    <h4>Cassandra Beaulieu-Desrochers, Mari\u00e8ve Monette<br \/>and Sylvie Cordeau<\/h4>\n                \t\t        \tRegistration Centre Clerks\n\n","protected":false},"excerpt":{"rendered":"<p>Brome-Missisquoi Chamber of Commerce CCB-M Contact us ! Name Please enter your name. Email Please enter a valid email address. Your message Please type your message. Send Message failed. Please try again. Thank you for contacting us. We will answer as soon as possible. Opening hours Monday to Thursday Friday 8 a.m. to 4 p.m.&hellip;<\/p>\n","protected":false},"author":8,"featured_media":0,"parent":0,"menu_order":90,"comment_status":"closed","ping_status":"closed","template":"","meta":{"_acf_changed":false,"footnotes":""},"class_list":["post-161874","page","type-page","status-publish","hentry"],"acf":[],"yoast_head":"<!-- This site is optimized with the Yoast SEO plugin v27.3 - https:\/\/yoast.com\/product\/yoast-seo-wordpress\/ -->\n<title>Contact the Chambre de commerce de Brome-Missisquoi<\/title>\n<meta name=\"description\" content=\"You can contact the CCB-M at 104, du Sud, 100-B Cowansville (QC) J2K 2X2, by phone at 450- 266-1665 or by email at info@ccb-m.ca\" \/>\n<meta name=\"robots\" content=\"index, follow, max-snippet:-1, max-image-preview:large, max-video-preview:-1\" \/>\n<link rel=\"canonical\" href=\"https:\/\/ccb-m.ca\/en\/contact-us\/\" \/>\n<meta property=\"og:locale\" content=\"en_US\" \/>\n<meta property=\"og:type\" content=\"article\" \/>\n<meta property=\"og:title\" content=\"Contact the Chambre de commerce de Brome-Missisquoi\" \/>\n<meta property=\"og:description\" content=\"You can contact the CCB-M at 104, du Sud, 100-B Cowansville (QC) J2K 2X2, by phone at 450- 266-1665 or by email at info@ccb-m.ca\" \/>\n<meta property=\"og:url\" content=\"https:\/\/ccb-m.ca\/en\/contact-us\/\" \/>\n<meta property=\"og:site_name\" content=\"Chambre de commerce de Brome-Missisquoi\" \/>\n<meta property=\"article:modified_time\" content=\"2025-03-01T14:52:32+00:00\" \/>\n<meta property=\"og:image\" content=\"https:\/\/ccb-m.ca\/wp-content\/uploads\/2019\/03\/Contact-CCB-M-Facebook.jpg\" \/>\n<meta name=\"twitter:card\" content=\"summary_large_image\" \/>\n<meta name=\"twitter:label1\" content=\"Est. reading time\" \/>\n\t<meta name=\"twitter:data1\" content=\"1 minute\" \/>\n<script type=\"application\/ld+json\" class=\"yoast-schema-graph\">{\"@context\":\"https:\\\/\\\/schema.org\",\"@graph\":[{\"@type\":\"WebPage\",\"@id\":\"https:\\\/\\\/ccb-m.ca\\\/en\\\/contact-us\\\/\",\"url\":\"https:\\\/\\\/ccb-m.ca\\\/en\\\/contact-us\\\/\",\"name\":\"Contact the Chambre de commerce de Brome-Missisquoi\",\"isPartOf\":{\"@id\":\"https:\\\/\\\/ccb-m.ca\\\/en\\\/#website\"},\"datePublished\":\"2019-01-17T00:31:37+00:00\",\"dateModified\":\"2025-03-01T14:52:32+00:00\",\"description\":\"You can contact the CCB-M at 104, du Sud, 100-B Cowansville (QC) J2K 2X2, by phone at 450- 266-1665 or by email at info@ccb-m.ca\",\"breadcrumb\":{\"@id\":\"https:\\\/\\\/ccb-m.ca\\\/en\\\/contact-us\\\/#breadcrumb\"},\"inLanguage\":\"en-US\",\"potentialAction\":[{\"@type\":\"ReadAction\",\"target\":[\"https:\\\/\\\/ccb-m.ca\\\/en\\\/contact-us\\\/\"]}]},{\"@type\":\"BreadcrumbList\",\"@id\":\"https:\\\/\\\/ccb-m.ca\\\/en\\\/contact-us\\\/#breadcrumb\",\"itemListElement\":[{\"@type\":\"ListItem\",\"position\":1,\"name\":\"Accueil\",\"item\":\"https:\\\/\\\/ccb-m.ca\\\/en\\\/\"},{\"@type\":\"ListItem\",\"position\":2,\"name\":\"Contact-us\"}]},{\"@type\":\"WebSite\",\"@id\":\"https:\\\/\\\/ccb-m.ca\\\/en\\\/#website\",\"url\":\"https:\\\/\\\/ccb-m.ca\\\/en\\\/\",\"name\":\"Chambre de commerce de Brome-Missisquoi\",\"description\":\"Rayonnez \u00e0 la hauteur de vos ambitions !\",\"potentialAction\":[{\"@type\":\"SearchAction\",\"target\":{\"@type\":\"EntryPoint\",\"urlTemplate\":\"https:\\\/\\\/ccb-m.ca\\\/en\\\/?s={search_term_string}\"},\"query-input\":{\"@type\":\"PropertyValueSpecification\",\"valueRequired\":true,\"valueName\":\"search_term_string\"}}],\"inLanguage\":\"en-US\"}]}<\/script>\n<!-- \/ Yoast SEO plugin. -->","yoast_head_json":{"title":"Contact the Chambre de commerce de Brome-Missisquoi","description":"You can contact the CCB-M at 104, du Sud, 100-B Cowansville (QC) J2K 2X2, by phone at 450- 266-1665 or by email at info@ccb-m.ca","robots":{"index":"index","follow":"follow","max-snippet":"max-snippet:-1","max-image-preview":"max-image-preview:large","max-video-preview":"max-video-preview:-1"},"canonical":"https:\/\/ccb-m.ca\/en\/contact-us\/","og_locale":"en_US","og_type":"article","og_title":"Contact the Chambre de commerce de Brome-Missisquoi","og_description":"You can contact the CCB-M at 104, du Sud, 100-B Cowansville (QC) J2K 2X2, by phone at 450- 266-1665 or by email at info@ccb-m.ca","og_url":"https:\/\/ccb-m.ca\/en\/contact-us\/","og_site_name":"Chambre de commerce de Brome-Missisquoi","article_modified_time":"2025-03-01T14:52:32+00:00","og_image":[{"url":"https:\/\/ccb-m.ca\/wp-content\/uploads\/2019\/03\/Contact-CCB-M-Facebook.jpg","type":"","width":"","height":""}],"twitter_card":"summary_large_image","twitter_misc":{"Est. reading time":"1 minute"},"schema":{"@context":"https:\/\/schema.org","@graph":[{"@type":"WebPage","@id":"https:\/\/ccb-m.ca\/en\/contact-us\/","url":"https:\/\/ccb-m.ca\/en\/contact-us\/","name":"Contact the Chambre de commerce de Brome-Missisquoi","isPartOf":{"@id":"https:\/\/ccb-m.ca\/en\/#website"},"datePublished":"2019-01-17T00:31:37+00:00","dateModified":"2025-03-01T14:52:32+00:00","description":"You can contact the CCB-M at 104, du Sud, 100-B Cowansville (QC) J2K 2X2, by phone at 450- 266-1665 or by email at info@ccb-m.ca","breadcrumb":{"@id":"https:\/\/ccb-m.ca\/en\/contact-us\/#breadcrumb"},"inLanguage":"en-US","potentialAction":[{"@type":"ReadAction","target":["https:\/\/ccb-m.ca\/en\/contact-us\/"]}]},{"@type":"BreadcrumbList","@id":"https:\/\/ccb-m.ca\/en\/contact-us\/#breadcrumb","itemListElement":[{"@type":"ListItem","position":1,"name":"Accueil","item":"https:\/\/ccb-m.ca\/en\/"},{"@type":"ListItem","position":2,"name":"Contact-us"}]},{"@type":"WebSite","@id":"https:\/\/ccb-m.ca\/en\/#website","url":"https:\/\/ccb-m.ca\/en\/","name":"Chambre de commerce de Brome-Missisquoi","description":"Rayonnez \u00e0 la hauteur de vos ambitions !","potentialAction":[{"@type":"SearchAction","target":{"@type":"EntryPoint","urlTemplate":"https:\/\/ccb-m.ca\/en\/?s={search_term_string}"},"query-input":{"@type":"PropertyValueSpecification","valueRequired":true,"valueName":"search_term_string"}}],"inLanguage":"en-US"}]}},"_links":{"self":[{"href":"https:\/\/ccb-m.ca\/en\/wp-json\/wp\/v2\/pages\/161874","targetHints":{"allow":["GET"]}}],"collection":[{"href":"https:\/\/ccb-m.ca\/en\/wp-json\/wp\/v2\/pages"}],"about":[{"href":"https:\/\/ccb-m.ca\/en\/wp-json\/wp\/v2\/types\/page"}],"author":[{"embeddable":true,"href":"https:\/\/ccb-m.ca\/en\/wp-json\/wp\/v2\/users\/8"}],"replies":[{"embeddable":true,"href":"https:\/\/ccb-m.ca\/en\/wp-json\/wp\/v2\/comments?post=161874"}],"version-history":[{"count":7,"href":"https:\/\/ccb-m.ca\/en\/wp-json\/wp\/v2\/pages\/161874\/revisions"}],"predecessor-version":[{"id":200242,"href":"https:\/\/ccb-m.ca\/en\/wp-json\/wp\/v2\/pages\/161874\/revisions\/200242"}],"wp:attachment":[{"href":"https:\/\/ccb-m.ca\/en\/wp-json\/wp\/v2\/media?parent=161874"}],"curies":[{"name":"wp","href":"https:\/\/api.w.org\/{rel}","templated":true}]}}